{"id":2748,"date":"2025-03-18T12:25:34","date_gmt":"2025-03-18T11:25:34","guid":{"rendered":"https:\/\/lesxolosdegrym.fr\/accueil\/?page_id=2748"},"modified":"2025-03-29T01:15:43","modified_gmt":"2025-03-29T00:15:43","slug":"notre-femelle-arabika","status":"publish","type":"page","link":"https:\/\/lesxolosdegrym.fr\/accueil\/notre-femelle-arabika\/","title":{"rendered":"Notre femelle Arabika"},"content":{"rendered":"\t\t<div data-elementor-type=\"wp-page\" data-elementor-id=\"2748\" class=\"elementor elementor-2748\">\n\t\t\t\t<div class=\"elementor-element elementor-element-1266352 e-flex e-con-boxed e-con e-parent\" data-id=\"1266352\" data-element_type=\"container\" data-e-type=\"container\">\n\t\t\t\t\t<div class=\"e-con-inner\">\n\t\t<div class=\"elementor-element elementor-element-52847bf e-con-full e-flex e-con e-child\" data-id=\"52847bf\" data-element_type=\"container\" data-e-type=\"container\">\n\t\t\t\t<div class=\"elementor-element elementor-element-a7b6820 elementor-widget__width-initial elementor-widget elementor-widget-image\" data-id=\"a7b6820\" data-element_type=\"widget\" data-e-type=\"widget\" data-widget_type=\"image.default\">\n\t\t\t\t<div class=\"elementor-widget-container\">\n\t\t\t\t\t\t\t\t\t\t\t\t\t\t\t<img fetchpriority=\"high\" decoding=\"async\" width=\"697\" height=\"906\" src=\"https:\/\/lesxolosdegrym.fr\/wp-content\/uploads\/2025\/03\/1743207241858.jpg\" class=\"attachment-large size-large wp-image-3355\" alt=\"\" srcset=\"https:\/\/lesxolosdegrym.fr\/wp-content\/uploads\/2025\/03\/1743207241858.jpg 697w, https:\/\/lesxolosdegrym.fr\/wp-content\/uploads\/2025\/03\/1743207241858-231x300.jpg 231w\" sizes=\"(max-width: 697px) 100vw, 697px\" \/>\t\t\t\t\t\t\t\t\t\t\t\t\t\t\t<\/div>\n\t\t\t\t<\/div>\n\t\t\t\t<\/div>\n\t\t<div class=\"elementor-element elementor-element-19e2a6b e-con-full e-flex e-con e-child\" data-id=\"19e2a6b\" data-element_type=\"container\" data-e-type=\"container\">\n\t\t\t\t<div class=\"elementor-element elementor-element-61f9883 elementor-widget elementor-widget-heading\" data-id=\"61f9883\" data-element_type=\"widget\" data-e-type=\"widget\" data-widget_type=\"heading.default\">\n\t\t\t\t<div class=\"elementor-widget-container\">\n\t\t\t\t\t<h2 class=\"elementor-heading-title elementor-size-default\">Notre femelle Arabica<\/h2>\t\t\t\t<\/div>\n\t\t\t\t<\/div>\n\t\t\t\t<div class=\"elementor-element elementor-element-2cddffe elementor-widget elementor-widget-text-editor\" data-id=\"2cddffe\" data-element_type=\"widget\" data-e-type=\"widget\" data-widget_type=\"text-editor.default\">\n\t\t\t\t<div class=\"elementor-widget-container\">\n\t\t\t\t\t\t\t\t\t<p>Notre belle Arabica \u00e9tait d\u00e9stin\u00e9e \u00e0 rester vivre dans\u00a0 sa maison en Ukraine, mais la vie ,enfin surtout la guerre\u00a0 , en \u00e0 d\u00e9cider autrement &#8230;<\/p><p>Olena Kriger m&rsquo; a fait confiance pour adopter sa belle Arabica ag\u00e9e d&rsquo;un an, en arrivant en France .\u00a0<\/p><p>Arabica est une chienne exemplaire que j&rsquo; affectionne \u00e9norm\u00e9ment. Elle est\u00a0 tr\u00e8s affectueuse , douce avec un regard expressif inhabituel .Une connexion se fait en sa pr\u00e9sence . Elle est calme et douce dans sa demeure , mais devient le gardienne attitr\u00e9e de la maison.. Elle n&rsquo;a peur de rien ni de personne ,force et courage la qualifie ..bien plus gourmande que t\u00eatue , elle sera faire la part des choses dans son inter\u00eat !!!<\/p>\t\t\t\t\t\t\t\t<\/div>\n\t\t\t\t<\/div>\n\t\t\t\t<\/div>\n\t\t\t\t\t<\/div>\n\t\t\t\t<\/div>\n\t\t\t\t<\/div>\n\t\t","protected":false},"excerpt":{"rendered":"<p>Notre femelle Arabica Notre belle Arabica \u00e9tait d\u00e9stin\u00e9e \u00e0 rester vivre dans\u00a0 sa maison en Ukraine, mais la vie ,enfin surtout la guerre\u00a0 , en \u00e0 d\u00e9cider autrement &#8230; Olena Kriger m&rsquo; a fait confiance pour adopter sa belle Arabica ag\u00e9e d&rsquo;un an, en arrivant en France .\u00a0 Arabica est une chienne exemplaire que j&rsquo; [&hellip;]<\/p>\n","protected":false},"author":1,"featured_media":0,"parent":0,"menu_order":0,"comment_status":"closed","ping_status":"closed","template":"","meta":{"site-sidebar-layout":"no-sidebar","site-content-layout":"page-builder","ast-site-content-layout":"full-width-container","site-content-style":"default","site-sidebar-style":"default","ast-global-header-display":"","ast-banner-title-visibility":"","ast-main-header-display":"","ast-hfb-above-header-display":"","ast-hfb-below-header-display":"","ast-hfb-mobile-header-display":"","site-post-title":"disabled","ast-breadcrumbs-content":"","ast-featured-img":"disabled","footer-sml-layout":"","ast-disable-related-posts":"","theme-transparent-header-meta":"","adv-header-id-meta":"","stick-header-meta":"","header-above-stick-meta":"","header-main-stick-meta":"","header-below-stick-meta":"","astra-migrate-meta-layouts":"set","ast-page-background-enabled":"default","ast-page-background-meta":{"desktop":{"background-color":"var(--ast-global-color-4)","background-image":"","background-repeat":"repeat","background-position":"center center","background-size":"auto","background-attachment":"scroll","background-type":"","background-media":"","overlay-type":"","overlay-color":"","overlay-opacity":"","overlay-gradient":""},"tablet":{"background-color":"","background-image":"","background-repeat":"repeat","background-position":"center center","background-size":"auto","background-attachment":"scroll","background-type":"","background-media":"","overlay-type":"","overlay-color":"","overlay-opacity":"","overlay-gradient":""},"mobile":{"background-color":"","background-image":"","background-repeat":"repeat","background-position":"center center","background-size":"auto","background-attachment":"scroll","background-type":"","background-media":"","overlay-type":"","overlay-color":"","overlay-opacity":"","overlay-gradient":""}},"ast-content-background-meta":{"desktop":{"background-color":"var(--ast-global-color-5)","background-image":"","background-repeat":"repeat","background-position":"center center","background-size":"auto","background-attachment":"scroll","background-type":"","background-media":"","overlay-type":"","overlay-color":"","overlay-opacity":"","overlay-gradient":""},"tablet":{"background-color":"var(--ast-global-color-5)","background-image":"","background-repeat":"repeat","background-position":"center center","background-size":"auto","background-attachment":"scroll","background-type":"","background-media":"","overlay-type":"","overlay-color":"","overlay-opacity":"","overlay-gradient":""},"mobile":{"background-color":"var(--ast-global-color-5)","background-image":"","background-repeat":"repeat","background-position":"center center","background-size":"auto","background-attachment":"scroll","background-type":"","background-media":"","overlay-type":"","overlay-color":"","overlay-opacity":"","overlay-gradient":""}},"footnotes":""},"class_list":["post-2748","page","type-page","status-publish","hentry"],"yoast_head":"<!-- This site is optimized with the Yoast SEO plugin v27.5 - https:\/\/yoast.com\/product\/yoast-seo-wordpress\/ -->\n<title>Notre femelle Arabika - lesxolosdegrym.fr<\/title>\n<meta name=\"robots\" content=\"index, follow, max-snippet:-1, max-image-preview:large, max-video-preview:-1\" \/>\n<link rel=\"canonical\" href=\"https:\/\/www.lesxolosdegrym.fr\/accueil\/notre-femelle-arabika\/\" \/>\n<meta property=\"og:locale\" content=\"fr_FR\" \/>\n<meta property=\"og:type\" content=\"article\" \/>\n<meta property=\"og:title\" content=\"Notre femelle Arabika - lesxolosdegrym.fr\" \/>\n<meta property=\"og:description\" content=\"Notre femelle Arabica Notre belle Arabica \u00e9tait d\u00e9stin\u00e9e \u00e0 rester vivre dans\u00a0 sa maison en Ukraine, mais la vie ,enfin surtout la guerre\u00a0 , en \u00e0 d\u00e9cider autrement &#8230; Olena Kriger m&rsquo; a fait confiance pour adopter sa belle Arabica ag\u00e9e d&rsquo;un an, en arrivant en France .\u00a0 Arabica est une chienne exemplaire que j&rsquo; [&hellip;]\" \/>\n<meta property=\"og:url\" content=\"https:\/\/www.lesxolosdegrym.fr\/accueil\/notre-femelle-arabika\/\" \/>\n<meta property=\"og:site_name\" content=\"lesxolosdegrym.fr\" \/>\n<meta property=\"article:publisher\" content=\"https:\/\/www.facebook.com\/deletoiledegrym\/?locale=fr_FR\" \/>\n<meta property=\"article:modified_time\" content=\"2025-03-29T00:15:43+00:00\" \/>\n<meta property=\"og:image\" content=\"https:\/\/lesxolosdegrym.fr\/wp-content\/uploads\/2025\/03\/1743207241858.jpg\" \/>\n<meta name=\"twitter:card\" content=\"summary_large_image\" \/>\n<meta name=\"twitter:label1\" content=\"Dur\u00e9e de lecture estim\u00e9e\" \/>\n\t<meta name=\"twitter:data1\" content=\"1 minute\" \/>\n<script type=\"application\/ld+json\" class=\"yoast-schema-graph\">{\"@context\":\"https:\\\/\\\/schema.org\",\"@graph\":[{\"@type\":\"WebPage\",\"@id\":\"https:\\\/\\\/www.lesxolosdegrym.fr\\\/accueil\\\/notre-femelle-arabika\\\/\",\"url\":\"https:\\\/\\\/www.lesxolosdegrym.fr\\\/accueil\\\/notre-femelle-arabika\\\/\",\"name\":\"Notre femelle Arabika - lesxolosdegrym.fr\",\"isPartOf\":{\"@id\":\"https:\\\/\\\/www.lesxolosdegrym.fr\\\/accueil\\\/#website\"},\"primaryImageOfPage\":{\"@id\":\"https:\\\/\\\/www.lesxolosdegrym.fr\\\/accueil\\\/notre-femelle-arabika\\\/#primaryimage\"},\"image\":{\"@id\":\"https:\\\/\\\/www.lesxolosdegrym.fr\\\/accueil\\\/notre-femelle-arabika\\\/#primaryimage\"},\"thumbnailUrl\":\"https:\\\/\\\/lesxolosdegrym.fr\\\/wp-content\\\/uploads\\\/2025\\\/03\\\/1743207241858.jpg\",\"datePublished\":\"2025-03-18T11:25:34+00:00\",\"dateModified\":\"2025-03-29T00:15:43+00:00\",\"breadcrumb\":{\"@id\":\"https:\\\/\\\/www.lesxolosdegrym.fr\\\/accueil\\\/notre-femelle-arabika\\\/#breadcrumb\"},\"inLanguage\":\"fr-FR\",\"potentialAction\":[{\"@type\":\"ReadAction\",\"target\":[\"https:\\\/\\\/www.lesxolosdegrym.fr\\\/accueil\\\/notre-femelle-arabika\\\/\"]}]},{\"@type\":\"ImageObject\",\"inLanguage\":\"fr-FR\",\"@id\":\"https:\\\/\\\/www.lesxolosdegrym.fr\\\/accueil\\\/notre-femelle-arabika\\\/#primaryimage\",\"url\":\"https:\\\/\\\/lesxolosdegrym.fr\\\/wp-content\\\/uploads\\\/2025\\\/03\\\/1743207241858.jpg\",\"contentUrl\":\"https:\\\/\\\/lesxolosdegrym.fr\\\/wp-content\\\/uploads\\\/2025\\\/03\\\/1743207241858.jpg\"},{\"@type\":\"BreadcrumbList\",\"@id\":\"https:\\\/\\\/www.lesxolosdegrym.fr\\\/accueil\\\/notre-femelle-arabika\\\/#breadcrumb\",\"itemListElement\":[{\"@type\":\"ListItem\",\"position\":1,\"name\":\"Accueil\",\"item\":\"https:\\\/\\\/lesxolosdegrym.fr\\\/accueil\\\/\"},{\"@type\":\"ListItem\",\"position\":2,\"name\":\"Notre femelle Arabika\"}]},{\"@type\":\"WebSite\",\"@id\":\"https:\\\/\\\/www.lesxolosdegrym.fr\\\/accueil\\\/#website\",\"url\":\"https:\\\/\\\/www.lesxolosdegrym.fr\\\/accueil\\\/\",\"name\":\"lesxolosdegrym.fr\",\"description\":\"\u00e9levage de XOLOITZCUINTLES Chien nu du Mexique\",\"publisher\":{\"@id\":\"https:\\\/\\\/www.lesxolosdegrym.fr\\\/accueil\\\/#organization\"},\"potentialAction\":[{\"@type\":\"SearchAction\",\"target\":{\"@type\":\"EntryPoint\",\"urlTemplate\":\"https:\\\/\\\/www.lesxolosdegrym.fr\\\/accueil\\\/?s={search_term_string}\"},\"query-input\":{\"@type\":\"PropertyValueSpecification\",\"valueRequired\":true,\"valueName\":\"search_term_string\"}}],\"inLanguage\":\"fr-FR\"},{\"@type\":\"Organization\",\"@id\":\"https:\\\/\\\/www.lesxolosdegrym.fr\\\/accueil\\\/#organization\",\"name\":\"lesxolosdegrym.fr\",\"url\":\"https:\\\/\\\/www.lesxolosdegrym.fr\\\/accueil\\\/\",\"logo\":{\"@type\":\"ImageObject\",\"inLanguage\":\"fr-FR\",\"@id\":\"https:\\\/\\\/www.lesxolosdegrym.fr\\\/accueil\\\/#\\\/schema\\\/logo\\\/image\\\/\",\"url\":\"https:\\\/\\\/lesxolosdegrym.fr\\\/wp-content\\\/uploads\\\/2025\\\/03\\\/00-1.png\",\"contentUrl\":\"https:\\\/\\\/lesxolosdegrym.fr\\\/wp-content\\\/uploads\\\/2025\\\/03\\\/00-1.png\",\"width\":757,\"height\":540,\"caption\":\"lesxolosdegrym.fr\"},\"image\":{\"@id\":\"https:\\\/\\\/www.lesxolosdegrym.fr\\\/accueil\\\/#\\\/schema\\\/logo\\\/image\\\/\"},\"sameAs\":[\"https:\\\/\\\/www.facebook.com\\\/deletoiledegrym\\\/?locale=fr_FR\",\"https:\\\/\\\/www.instagram.com\\\/sphynx_et_xolo_de_grym\\\/\"]}]}<\/script>\n<!-- \/ Yoast SEO plugin. -->","yoast_head_json":{"title":"Notre femelle Arabika - lesxolosdegrym.fr","robots":{"index":"index","follow":"follow","max-snippet":"max-snippet:-1","max-image-preview":"max-image-preview:large","max-video-preview":"max-video-preview:-1"},"canonical":"https:\/\/www.lesxolosdegrym.fr\/accueil\/notre-femelle-arabika\/","og_locale":"fr_FR","og_type":"article","og_title":"Notre femelle Arabika - lesxolosdegrym.fr","og_description":"Notre femelle Arabica Notre belle Arabica \u00e9tait d\u00e9stin\u00e9e \u00e0 rester vivre dans\u00a0 sa maison en Ukraine, mais la vie ,enfin surtout la guerre\u00a0 , en \u00e0 d\u00e9cider autrement &#8230; Olena Kriger m&rsquo; a fait confiance pour adopter sa belle Arabica ag\u00e9e d&rsquo;un an, en arrivant en France .\u00a0 Arabica est une chienne exemplaire que j&rsquo; [&hellip;]","og_url":"https:\/\/www.lesxolosdegrym.fr\/accueil\/notre-femelle-arabika\/","og_site_name":"lesxolosdegrym.fr","article_publisher":"https:\/\/www.facebook.com\/deletoiledegrym\/?locale=fr_FR","article_modified_time":"2025-03-29T00:15:43+00:00","og_image":[{"url":"https:\/\/lesxolosdegrym.fr\/wp-content\/uploads\/2025\/03\/1743207241858.jpg","type":"","width":"","height":""}],"twitter_card":"summary_large_image","twitter_misc":{"Dur\u00e9e de lecture estim\u00e9e":"1 minute"},"schema":{"@context":"https:\/\/schema.org","@graph":[{"@type":"WebPage","@id":"https:\/\/www.lesxolosdegrym.fr\/accueil\/notre-femelle-arabika\/","url":"https:\/\/www.lesxolosdegrym.fr\/accueil\/notre-femelle-arabika\/","name":"Notre femelle Arabika - lesxolosdegrym.fr","isPartOf":{"@id":"https:\/\/www.lesxolosdegrym.fr\/accueil\/#website"},"primaryImageOfPage":{"@id":"https:\/\/www.lesxolosdegrym.fr\/accueil\/notre-femelle-arabika\/#primaryimage"},"image":{"@id":"https:\/\/www.lesxolosdegrym.fr\/accueil\/notre-femelle-arabika\/#primaryimage"},"thumbnailUrl":"https:\/\/lesxolosdegrym.fr\/wp-content\/uploads\/2025\/03\/1743207241858.jpg","datePublished":"2025-03-18T11:25:34+00:00","dateModified":"2025-03-29T00:15:43+00:00","breadcrumb":{"@id":"https:\/\/www.lesxolosdegrym.fr\/accueil\/notre-femelle-arabika\/#breadcrumb"},"inLanguage":"fr-FR","potentialAction":[{"@type":"ReadAction","target":["https:\/\/www.lesxolosdegrym.fr\/accueil\/notre-femelle-arabika\/"]}]},{"@type":"ImageObject","inLanguage":"fr-FR","@id":"https:\/\/www.lesxolosdegrym.fr\/accueil\/notre-femelle-arabika\/#primaryimage","url":"https:\/\/lesxolosdegrym.fr\/wp-content\/uploads\/2025\/03\/1743207241858.jpg","contentUrl":"https:\/\/lesxolosdegrym.fr\/wp-content\/uploads\/2025\/03\/1743207241858.jpg"},{"@type":"BreadcrumbList","@id":"https:\/\/www.lesxolosdegrym.fr\/accueil\/notre-femelle-arabika\/#breadcrumb","itemListElement":[{"@type":"ListItem","position":1,"name":"Accueil","item":"https:\/\/lesxolosdegrym.fr\/accueil\/"},{"@type":"ListItem","position":2,"name":"Notre femelle Arabika"}]},{"@type":"WebSite","@id":"https:\/\/www.lesxolosdegrym.fr\/accueil\/#website","url":"https:\/\/www.lesxolosdegrym.fr\/accueil\/","name":"lesxolosdegrym.fr","description":"\u00e9levage de XOLOITZCUINTLES Chien nu du Mexique","publisher":{"@id":"https:\/\/www.lesxolosdegrym.fr\/accueil\/#organization"},"potentialAction":[{"@type":"SearchAction","target":{"@type":"EntryPoint","urlTemplate":"https:\/\/www.lesxolosdegrym.fr\/accueil\/?s={search_term_string}"},"query-input":{"@type":"PropertyValueSpecification","valueRequired":true,"valueName":"search_term_string"}}],"inLanguage":"fr-FR"},{"@type":"Organization","@id":"https:\/\/www.lesxolosdegrym.fr\/accueil\/#organization","name":"lesxolosdegrym.fr","url":"https:\/\/www.lesxolosdegrym.fr\/accueil\/","logo":{"@type":"ImageObject","inLanguage":"fr-FR","@id":"https:\/\/www.lesxolosdegrym.fr\/accueil\/#\/schema\/logo\/image\/","url":"https:\/\/lesxolosdegrym.fr\/wp-content\/uploads\/2025\/03\/00-1.png","contentUrl":"https:\/\/lesxolosdegrym.fr\/wp-content\/uploads\/2025\/03\/00-1.png","width":757,"height":540,"caption":"lesxolosdegrym.fr"},"image":{"@id":"https:\/\/www.lesxolosdegrym.fr\/accueil\/#\/schema\/logo\/image\/"},"sameAs":["https:\/\/www.facebook.com\/deletoiledegrym\/?locale=fr_FR","https:\/\/www.instagram.com\/sphynx_et_xolo_de_grym\/"]}]}},"_links":{"self":[{"href":"https:\/\/lesxolosdegrym.fr\/accueil\/wp-json\/wp\/v2\/pages\/2748","targetHints":{"allow":["GET"]}}],"collection":[{"href":"https:\/\/lesxolosdegrym.fr\/accueil\/wp-json\/wp\/v2\/pages"}],"about":[{"href":"https:\/\/lesxolosdegrym.fr\/accueil\/wp-json\/wp\/v2\/types\/page"}],"author":[{"embeddable":true,"href":"https:\/\/lesxolosdegrym.fr\/accueil\/wp-json\/wp\/v2\/users\/1"}],"replies":[{"embeddable":true,"href":"https:\/\/lesxolosdegrym.fr\/accueil\/wp-json\/wp\/v2\/comments?post=2748"}],"version-history":[{"count":31,"href":"https:\/\/lesxolosdegrym.fr\/accueil\/wp-json\/wp\/v2\/pages\/2748\/revisions"}],"predecessor-version":[{"id":3358,"href":"https:\/\/lesxolosdegrym.fr\/accueil\/wp-json\/wp\/v2\/pages\/2748\/revisions\/3358"}],"wp:attachment":[{"href":"https:\/\/lesxolosdegrym.fr\/accueil\/wp-json\/wp\/v2\/media?parent=2748"}],"curies":[{"name":"wp","href":"https:\/\/api.w.org\/{rel}","templated":true}]}}