{"id":2786,"date":"2025-03-18T12:50:16","date_gmt":"2025-03-18T11:50:16","guid":{"rendered":"https:\/\/lesxolosdegrym.fr\/accueil\/?page_id=2786"},"modified":"2025-03-24T19:29:15","modified_gmt":"2025-03-24T18:29:15","slug":"soins-aux-chiens","status":"publish","type":"page","link":"https:\/\/lesxolosdegrym.fr\/accueil\/soins-aux-chiens\/","title":{"rendered":"Jeux et Activit\u00e9s"},"content":{"rendered":"\t\t<div data-elementor-type=\"wp-page\" data-elementor-id=\"2786\" class=\"elementor elementor-2786\">\n\t\t\t\t<div class=\"elementor-element elementor-element-0e121a9 e-flex e-con-boxed e-con e-parent\" data-id=\"0e121a9\" data-element_type=\"container\" data-e-type=\"container\">\n\t\t\t\t\t<div class=\"e-con-inner\">\n\t\t\t\t<div class=\"elementor-element elementor-element-20157ca elementor-widget elementor-widget-heading\" data-id=\"20157ca\" data-element_type=\"widget\" data-e-type=\"widget\" data-widget_type=\"heading.default\">\n\t\t\t\t<div class=\"elementor-widget-container\">\n\t\t\t\t\t<h2 class=\"elementor-heading-title elementor-size-default\">JEUX ET ACTIVITES<\/h2>\t\t\t\t<\/div>\n\t\t\t\t<\/div>\n\t\t\t\t\t<\/div>\n\t\t\t\t<\/div>\n\t\t<div class=\"elementor-element elementor-element-f3e3494 e-flex e-con-boxed e-con e-parent\" data-id=\"f3e3494\" data-element_type=\"container\" data-e-type=\"container\">\n\t\t\t\t\t<div class=\"e-con-inner\">\n\t\t\t\t<div class=\"elementor-element elementor-element-5afc7cc elementor-widget elementor-widget-image\" data-id=\"5afc7cc\" data-element_type=\"widget\" data-e-type=\"widget\" data-widget_type=\"image.default\">\n\t\t\t\t<div class=\"elementor-widget-container\">\n\t\t\t\t\t\t\t\t\t\t\t\t\t\t\t<img fetchpriority=\"high\" decoding=\"async\" width=\"461\" height=\"1024\" src=\"https:\/\/lesxolosdegrym.fr\/wp-content\/uploads\/2025\/03\/485084162_1154767272585336_4316009288487779206_n-461x1024.jpg\" class=\"attachment-large size-large wp-image-3141\" alt=\"\" srcset=\"https:\/\/lesxolosdegrym.fr\/wp-content\/uploads\/2025\/03\/485084162_1154767272585336_4316009288487779206_n-461x1024.jpg 461w, https:\/\/lesxolosdegrym.fr\/wp-content\/uploads\/2025\/03\/485084162_1154767272585336_4316009288487779206_n-135x300.jpg 135w, https:\/\/lesxolosdegrym.fr\/wp-content\/uploads\/2025\/03\/485084162_1154767272585336_4316009288487779206_n.jpg 480w\" sizes=\"(max-width: 461px) 100vw, 461px\" \/>\t\t\t\t\t\t\t\t\t\t\t\t\t\t\t<\/div>\n\t\t\t\t<\/div>\n\t\t\t\t\t<\/div>\n\t\t\t\t<\/div>\n\t\t<div class=\"elementor-element elementor-element-915e8d0 e-flex e-con-boxed e-con e-parent\" data-id=\"915e8d0\" data-element_type=\"container\" data-e-type=\"container\">\n\t\t\t\t\t<div class=\"e-con-inner\">\n\t\t\t\t<div class=\"elementor-element elementor-element-1e503ea elementor-widget elementor-widget-heading\" data-id=\"1e503ea\" data-element_type=\"widget\" data-e-type=\"widget\" data-widget_type=\"heading.default\">\n\t\t\t\t<div class=\"elementor-widget-container\">\n\t\t\t\t\t<h2 class=\"elementor-heading-title elementor-size-default\">LE REPAS<\/h2>\t\t\t\t<\/div>\n\t\t\t\t<\/div>\n\t\t\t\t\t<\/div>\n\t\t\t\t<\/div>\n\t\t<div class=\"elementor-element elementor-element-db7a8dd e-flex e-con-boxed e-con e-parent\" data-id=\"db7a8dd\" data-element_type=\"container\" data-e-type=\"container\">\n\t\t\t\t\t<div class=\"e-con-inner\">\n\t\t\t\t<div class=\"elementor-element elementor-element-3dd8426 elementor-widget elementor-widget-text-editor\" data-id=\"3dd8426\" data-element_type=\"widget\" data-e-type=\"widget\" data-widget_type=\"text-editor.default\">\n\t\t\t\t<div class=\"elementor-widget-container\">\n\t\t\t\t\t\t\t\t\t<p>\u00a0<\/p><p>Je place le repas parmi les jeux \/activit\u00e9s car je pense qu&rsquo; un chien doit pouvoir chercher\/ flairer \/ s&rsquo; amuser pour se nourrir .. de cette fa\u00e7on , votre compagnon va y passer plus de temps que de manger ces croquettes dans une gamelle ..<\/p><p>Si vous avez un jardin, vous pouvez lui lancer ces croquettes dans la cour \/herbes.. ceci afin de l obliger \u00e0 manger doucement et \u00e0\u00a0 devoir chercher .. il y prendra bien plus de plaisir et de temps .. si le logement ne s y pr\u00eate pas ou le temps , alors pensez \u00e0 mettre ses croquettes dans une bouteille plastique.. apr\u00e8s plusieurs bouteilles \u00e9cras\u00e9es , il comprendra que la faire rouler est plus efficace !!! Et pourquoi pas cacher la bouteille dans un carton pour rendre le moment du repas plus\u00a0 compliqu\u00e9&#8230; Parce que chasser n&rsquo; a jamais \u00e9t\u00e9 tr\u00e8s simple !!<\/p><p>Des pipolinos , gamelles antigloutons et tapis de fouilles feront le m\u00eame job!!!<\/p><p>Et pour garder le principe de base , un chien ne trouve pas sa nourriture \u00e0 heure fixe dans la nature &#8230; alors pourquoi\u00a0 lui donnez\u00a0 sa gamelle tous les jours \u00e0 heure fixe ???<\/p><p>Faites en sorte que le moment du repas de votre chien doit \u00eatre fait au calme , dans un lieu rassurant et seul..\u00a0<\/p><p>\u00a0<\/p><p>\u00a0<\/p>\t\t\t\t\t\t\t\t<\/div>\n\t\t\t\t<\/div>\n\t\t\t\t\t<\/div>\n\t\t\t\t<\/div>\n\t\t<div class=\"elementor-element elementor-element-8ffb65a e-flex e-con-boxed e-con e-parent\" data-id=\"8ffb65a\" data-element_type=\"container\" data-e-type=\"container\">\n\t\t\t\t\t<div class=\"e-con-inner\">\n\t\t\t\t<div class=\"elementor-element elementor-element-a747d62 elementor-widget elementor-widget-heading\" data-id=\"a747d62\" data-element_type=\"widget\" data-e-type=\"widget\" data-widget_type=\"heading.default\">\n\t\t\t\t<div class=\"elementor-widget-container\">\n\t\t\t\t\t<h2 class=\"elementor-heading-title elementor-size-default\">LA MASTICATION<\/h2>\t\t\t\t<\/div>\n\t\t\t\t<\/div>\n\t\t\t\t\t<\/div>\n\t\t\t\t<\/div>\n\t\t<div class=\"elementor-element elementor-element-4ae6466 e-flex e-con-boxed e-con e-parent\" data-id=\"4ae6466\" data-element_type=\"container\" data-e-type=\"container\">\n\t\t\t\t\t<div class=\"e-con-inner\">\n\t\t\t\t<div class=\"elementor-element elementor-element-201d06b elementor-widget elementor-widget-text-editor\" data-id=\"201d06b\" data-element_type=\"widget\" data-e-type=\"widget\" data-widget_type=\"text-editor.default\">\n\t\t\t\t<div class=\"elementor-widget-container\">\n\t\t\t\t\t\t\t\t\t<p>La mastication doit \u00eatre une activit\u00e9 prise au serieux car votre chien en a r\u00e9ellement besoin ..Il ne \u00ab\u00a0mange \u00ab\u00a0pas vos chaussures pour vous emb\u00eater.. Il a besoin de mastiquer , et si vous ne lui offrez pas de friandises pour subvenir \u00e0 ce besoin , et bien il trouvera par lui m\u00eame de quoi se faire plaisir !!!<\/p><p>Alors , l\u00e2chez vous &#8230;<\/p><p>KONG avec vache qui rit ,\u00a0<\/p><p>sabots de veaux ,<\/p><p>corne , nerf de boeuf&#8230; vous trouverez un grand rayon en animalerie pour subvenir \u00e0 leur besoin&#8230;<\/p>\t\t\t\t\t\t\t\t<\/div>\n\t\t\t\t<\/div>\n\t\t\t\t\t<\/div>\n\t\t\t\t<\/div>\n\t\t<div class=\"elementor-element elementor-element-0adfabf e-flex e-con-boxed e-con e-parent\" data-id=\"0adfabf\" data-element_type=\"container\" data-e-type=\"container\">\n\t\t\t\t\t<div class=\"e-con-inner\">\n\t\t\t\t<div class=\"elementor-element elementor-element-02be9a7 elementor-widget elementor-widget-heading\" data-id=\"02be9a7\" data-element_type=\"widget\" data-e-type=\"widget\" data-widget_type=\"heading.default\">\n\t\t\t\t<div class=\"elementor-widget-container\">\n\t\t\t\t\t<h2 class=\"elementor-heading-title elementor-size-default\">JOUER ,C'  EST TRAVAILLER ...<\/h2>\t\t\t\t<\/div>\n\t\t\t\t<\/div>\n\t\t\t\t\t<\/div>\n\t\t\t\t<\/div>\n\t\t<div class=\"elementor-element elementor-element-925aab4 e-flex e-con-boxed e-con e-parent\" data-id=\"925aab4\" data-element_type=\"container\" data-e-type=\"container\">\n\t\t\t\t\t<div class=\"e-con-inner\">\n\t\t\t\t<div class=\"elementor-element elementor-element-13b6564 elementor-widget elementor-widget-text-editor\" data-id=\"13b6564\" data-element_type=\"widget\" data-e-type=\"widget\" data-widget_type=\"text-editor.default\">\n\t\t\t\t<div class=\"elementor-widget-container\">\n\t\t\t\t\t\t\t\t\t<p>Votre loulou peut comprendre jusqu&rsquo; &lsquo; \u00e0 300 messages ,et les xolos sont tr\u00e8s gourmands .\u00a0 Alors n h\u00e9sitez pas \u00e0 lui apprendre des postures , des actions , des jeux avec en r\u00e9compense une friandise ou une caresse &#8230;et votre compagnon en sera plus \u00e9panouie &#8230;<\/p>\t\t\t\t\t\t\t\t<\/div>\n\t\t\t\t<\/div>\n\t\t\t\t\t<\/div>\n\t\t\t\t<\/div>\n\t\t<div class=\"elementor-element elementor-element-dd914ee e-flex e-con-boxed e-con e-parent\" data-id=\"dd914ee\" data-element_type=\"container\" data-e-type=\"container\">\n\t\t\t\t\t<div class=\"e-con-inner\">\n\t\t\t\t<div class=\"elementor-element elementor-element-d16101d elementor-widget elementor-widget-heading\" data-id=\"d16101d\" data-element_type=\"widget\" data-e-type=\"widget\" data-widget_type=\"heading.default\">\n\t\t\t\t<div class=\"elementor-widget-container\">\n\t\t\t\t\t<h2 class=\"elementor-heading-title elementor-size-default\">LES PROMENADES<\/h2>\t\t\t\t<\/div>\n\t\t\t\t<\/div>\n\t\t\t\t\t<\/div>\n\t\t\t\t<\/div>\n\t\t<div class=\"elementor-element elementor-element-65ed117 e-flex e-con-boxed e-con e-parent\" data-id=\"65ed117\" data-element_type=\"container\" data-e-type=\"container\">\n\t\t\t\t\t<div class=\"e-con-inner\">\n\t\t\t\t<div class=\"elementor-element elementor-element-8c3c111 elementor-widget elementor-widget-text-editor\" data-id=\"8c3c111\" data-element_type=\"widget\" data-e-type=\"widget\" data-widget_type=\"text-editor.default\">\n\t\t\t\t<div class=\"elementor-widget-container\">\n\t\t\t\t\t\t\t\t\t<p>En promenade , privil\u00e9giez les lieux\u00a0 \u00e0 grands espaces pour l\u00e2cher vos chiens ..ils ont besoin de courir de renifler les animaux sauvages &#8230;il doit \u00eatre libre d&rsquo; explorer&#8230;<\/p><p>Le chien est une esp\u00e8ce qui ne marche pas mais qui trotte.. Leur vitesse de croisi\u00e8re en promenade tourne plut\u00f4t aux alentours de 15 kms\/h &#8230;Alors imaginez vous\u00a0 marcher des kms\u00a0 en tenant un enfant de 2 ans par la main !!!<\/p><p>PS;POUR RAPPEL , DU 15 AVRIL AU 30 JUIN , NE PAS LAISSEZ LES CHIENS COURIR HORS DES SENTIERS EN TOUT LIBERTE SOUS PEINE D AMENDE&#8230; LAISSONS LES ANIMAUX SAUVAGES SE REPRODUIRE EN TOUT TRANQUILITE !!<\/p>\t\t\t\t\t\t\t\t<\/div>\n\t\t\t\t<\/div>\n\t\t\t\t\t<\/div>\n\t\t\t\t<\/div>\n\t\t<div class=\"elementor-element elementor-element-cdefc6f e-flex e-con-boxed e-con e-parent\" data-id=\"cdefc6f\" data-element_type=\"container\" data-e-type=\"container\">\n\t\t\t\t\t<div class=\"e-con-inner\">\n\t\t\t\t\t<\/div>\n\t\t\t\t<\/div>\n\t\t\t\t<\/div>\n\t\t","protected":false},"excerpt":{"rendered":"<p>JEUX ET ACTIVITES LE REPAS \u00a0 Je place le repas parmi les jeux \/activit\u00e9s car je pense qu&rsquo; un chien doit pouvoir chercher\/ flairer \/ s&rsquo; amuser pour se nourrir .. de cette fa\u00e7on , votre compagnon va y passer plus de temps que de manger ces croquettes dans une gamelle .. Si vous avez [&hellip;]<\/p>\n","protected":false},"author":1,"featured_media":0,"parent":0,"menu_order":0,"comment_status":"closed","ping_status":"closed","template":"","meta":{"site-sidebar-layout":"no-sidebar","site-content-layout":"page-builder","ast-site-content-layout":"full-width-container","site-content-style":"default","site-sidebar-style":"default","ast-global-header-display":"","ast-banner-title-visibility":"","ast-main-header-display":"","ast-hfb-above-header-display":"","ast-hfb-below-header-display":"","ast-hfb-mobile-header-display":"","site-post-title":"disabled","ast-breadcrumbs-content":"","ast-featured-img":"disabled","footer-sml-layout":"","ast-disable-related-posts":"","theme-transparent-header-meta":"","adv-header-id-meta":"","stick-header-meta":"","header-above-stick-meta":"","header-main-stick-meta":"","header-below-stick-meta":"","astra-migrate-meta-layouts":"set","ast-page-background-enabled":"default","ast-page-background-meta":{"desktop":{"background-color":"var(--ast-global-color-4)","background-image":"","background-repeat":"repeat","background-position":"center center","background-size":"auto","background-attachment":"scroll","background-type":"","background-media":"","overlay-type":"","overlay-color":"","overlay-opacity":"","overlay-gradient":""},"tablet":{"background-color":"","background-image":"","background-repeat":"repeat","background-position":"center center","background-size":"auto","background-attachment":"scroll","background-type":"","background-media":"","overlay-type":"","overlay-color":"","overlay-opacity":"","overlay-gradient":""},"mobile":{"background-color":"","background-image":"","background-repeat":"repeat","background-position":"center center","background-size":"auto","background-attachment":"scroll","background-type":"","background-media":"","overlay-type":"","overlay-color":"","overlay-opacity":"","overlay-gradient":""}},"ast-content-background-meta":{"desktop":{"background-color":"var(--ast-global-color-5)","background-image":"","background-repeat":"repeat","background-position":"center center","background-size":"auto","background-attachment":"scroll","background-type":"","background-media":"","overlay-type":"","overlay-color":"","overlay-opacity":"","overlay-gradient":""},"tablet":{"background-color":"var(--ast-global-color-5)","background-image":"","background-repeat":"repeat","background-position":"center center","background-size":"auto","background-attachment":"scroll","background-type":"","background-media":"","overlay-type":"","overlay-color":"","overlay-opacity":"","overlay-gradient":""},"mobile":{"background-color":"var(--ast-global-color-5)","background-image":"","background-repeat":"repeat","background-position":"center center","background-size":"auto","background-attachment":"scroll","background-type":"","background-media":"","overlay-type":"","overlay-color":"","overlay-opacity":"","overlay-gradient":""}},"footnotes":""},"class_list":["post-2786","page","type-page","status-publish","hentry"],"yoast_head":"<!-- This site is optimized with the Yoast SEO plugin v27.5 - https:\/\/yoast.com\/product\/yoast-seo-wordpress\/ -->\n<title>Jeux et Activit\u00e9s - lesxolosdegrym.fr<\/title>\n<meta name=\"robots\" content=\"index, follow, max-snippet:-1, max-image-preview:large, max-video-preview:-1\" \/>\n<link rel=\"canonical\" href=\"https:\/\/www.lesxolosdegrym.fr\/accueil\/soins-aux-chiens\/\" \/>\n<meta property=\"og:locale\" content=\"fr_FR\" \/>\n<meta property=\"og:type\" content=\"article\" \/>\n<meta property=\"og:title\" content=\"Jeux et Activit\u00e9s - lesxolosdegrym.fr\" \/>\n<meta property=\"og:description\" content=\"JEUX ET ACTIVITES LE REPAS \u00a0 Je place le repas parmi les jeux \/activit\u00e9s car je pense qu&rsquo; un chien doit pouvoir chercher\/ flairer \/ s&rsquo; amuser pour se nourrir .. de cette fa\u00e7on , votre compagnon va y passer plus de temps que de manger ces croquettes dans une gamelle .. Si vous avez [&hellip;]\" \/>\n<meta property=\"og:url\" content=\"https:\/\/www.lesxolosdegrym.fr\/accueil\/soins-aux-chiens\/\" \/>\n<meta property=\"og:site_name\" content=\"lesxolosdegrym.fr\" \/>\n<meta property=\"article:publisher\" content=\"https:\/\/www.facebook.com\/deletoiledegrym\/?locale=fr_FR\" \/>\n<meta property=\"article:modified_time\" content=\"2025-03-24T18:29:15+00:00\" \/>\n<meta property=\"og:image\" content=\"https:\/\/lesxolosdegrym.fr\/wp-content\/uploads\/2025\/03\/485084162_1154767272585336_4316009288487779206_n-461x1024.jpg\" \/>\n<meta name=\"twitter:card\" content=\"summary_large_image\" \/>\n<meta name=\"twitter:label1\" content=\"Dur\u00e9e de lecture estim\u00e9e\" \/>\n\t<meta name=\"twitter:data1\" content=\"2 minutes\" \/>\n<script type=\"application\/ld+json\" class=\"yoast-schema-graph\">{\"@context\":\"https:\\\/\\\/schema.org\",\"@graph\":[{\"@type\":\"WebPage\",\"@id\":\"https:\\\/\\\/www.lesxolosdegrym.fr\\\/accueil\\\/soins-aux-chiens\\\/\",\"url\":\"https:\\\/\\\/www.lesxolosdegrym.fr\\\/accueil\\\/soins-aux-chiens\\\/\",\"name\":\"Jeux et Activit\u00e9s - lesxolosdegrym.fr\",\"isPartOf\":{\"@id\":\"https:\\\/\\\/www.lesxolosdegrym.fr\\\/accueil\\\/#website\"},\"primaryImageOfPage\":{\"@id\":\"https:\\\/\\\/www.lesxolosdegrym.fr\\\/accueil\\\/soins-aux-chiens\\\/#primaryimage\"},\"image\":{\"@id\":\"https:\\\/\\\/www.lesxolosdegrym.fr\\\/accueil\\\/soins-aux-chiens\\\/#primaryimage\"},\"thumbnailUrl\":\"https:\\\/\\\/lesxolosdegrym.fr\\\/wp-content\\\/uploads\\\/2025\\\/03\\\/485084162_1154767272585336_4316009288487779206_n-461x1024.jpg\",\"datePublished\":\"2025-03-18T11:50:16+00:00\",\"dateModified\":\"2025-03-24T18:29:15+00:00\",\"breadcrumb\":{\"@id\":\"https:\\\/\\\/www.lesxolosdegrym.fr\\\/accueil\\\/soins-aux-chiens\\\/#breadcrumb\"},\"inLanguage\":\"fr-FR\",\"potentialAction\":[{\"@type\":\"ReadAction\",\"target\":[\"https:\\\/\\\/www.lesxolosdegrym.fr\\\/accueil\\\/soins-aux-chiens\\\/\"]}]},{\"@type\":\"ImageObject\",\"inLanguage\":\"fr-FR\",\"@id\":\"https:\\\/\\\/www.lesxolosdegrym.fr\\\/accueil\\\/soins-aux-chiens\\\/#primaryimage\",\"url\":\"https:\\\/\\\/lesxolosdegrym.fr\\\/wp-content\\\/uploads\\\/2025\\\/03\\\/485084162_1154767272585336_4316009288487779206_n-461x1024.jpg\",\"contentUrl\":\"https:\\\/\\\/lesxolosdegrym.fr\\\/wp-content\\\/uploads\\\/2025\\\/03\\\/485084162_1154767272585336_4316009288487779206_n-461x1024.jpg\"},{\"@type\":\"BreadcrumbList\",\"@id\":\"https:\\\/\\\/www.lesxolosdegrym.fr\\\/accueil\\\/soins-aux-chiens\\\/#breadcrumb\",\"itemListElement\":[{\"@type\":\"ListItem\",\"position\":1,\"name\":\"Accueil\",\"item\":\"https:\\\/\\\/lesxolosdegrym.fr\\\/accueil\\\/\"},{\"@type\":\"ListItem\",\"position\":2,\"name\":\"Jeux et Activit\u00e9s\"}]},{\"@type\":\"WebSite\",\"@id\":\"https:\\\/\\\/www.lesxolosdegrym.fr\\\/accueil\\\/#website\",\"url\":\"https:\\\/\\\/www.lesxolosdegrym.fr\\\/accueil\\\/\",\"name\":\"lesxolosdegrym.fr\",\"description\":\"\u00e9levage de XOLOITZCUINTLES Chien nu du Mexique\",\"publisher\":{\"@id\":\"https:\\\/\\\/www.lesxolosdegrym.fr\\\/accueil\\\/#organization\"},\"potentialAction\":[{\"@type\":\"SearchAction\",\"target\":{\"@type\":\"EntryPoint\",\"urlTemplate\":\"https:\\\/\\\/www.lesxolosdegrym.fr\\\/accueil\\\/?s={search_term_string}\"},\"query-input\":{\"@type\":\"PropertyValueSpecification\",\"valueRequired\":true,\"valueName\":\"search_term_string\"}}],\"inLanguage\":\"fr-FR\"},{\"@type\":\"Organization\",\"@id\":\"https:\\\/\\\/www.lesxolosdegrym.fr\\\/accueil\\\/#organization\",\"name\":\"lesxolosdegrym.fr\",\"url\":\"https:\\\/\\\/www.lesxolosdegrym.fr\\\/accueil\\\/\",\"logo\":{\"@type\":\"ImageObject\",\"inLanguage\":\"fr-FR\",\"@id\":\"https:\\\/\\\/www.lesxolosdegrym.fr\\\/accueil\\\/#\\\/schema\\\/logo\\\/image\\\/\",\"url\":\"https:\\\/\\\/lesxolosdegrym.fr\\\/wp-content\\\/uploads\\\/2025\\\/03\\\/00-1.png\",\"contentUrl\":\"https:\\\/\\\/lesxolosdegrym.fr\\\/wp-content\\\/uploads\\\/2025\\\/03\\\/00-1.png\",\"width\":757,\"height\":540,\"caption\":\"lesxolosdegrym.fr\"},\"image\":{\"@id\":\"https:\\\/\\\/www.lesxolosdegrym.fr\\\/accueil\\\/#\\\/schema\\\/logo\\\/image\\\/\"},\"sameAs\":[\"https:\\\/\\\/www.facebook.com\\\/deletoiledegrym\\\/?locale=fr_FR\",\"https:\\\/\\\/www.instagram.com\\\/sphynx_et_xolo_de_grym\\\/\"]}]}<\/script>\n<!-- \/ Yoast SEO plugin. -->","yoast_head_json":{"title":"Jeux et Activit\u00e9s - lesxolosdegrym.fr","robots":{"index":"index","follow":"follow","max-snippet":"max-snippet:-1","max-image-preview":"max-image-preview:large","max-video-preview":"max-video-preview:-1"},"canonical":"https:\/\/www.lesxolosdegrym.fr\/accueil\/soins-aux-chiens\/","og_locale":"fr_FR","og_type":"article","og_title":"Jeux et Activit\u00e9s - lesxolosdegrym.fr","og_description":"JEUX ET ACTIVITES LE REPAS \u00a0 Je place le repas parmi les jeux \/activit\u00e9s car je pense qu&rsquo; un chien doit pouvoir chercher\/ flairer \/ s&rsquo; amuser pour se nourrir .. de cette fa\u00e7on , votre compagnon va y passer plus de temps que de manger ces croquettes dans une gamelle .. Si vous avez [&hellip;]","og_url":"https:\/\/www.lesxolosdegrym.fr\/accueil\/soins-aux-chiens\/","og_site_name":"lesxolosdegrym.fr","article_publisher":"https:\/\/www.facebook.com\/deletoiledegrym\/?locale=fr_FR","article_modified_time":"2025-03-24T18:29:15+00:00","og_image":[{"url":"https:\/\/lesxolosdegrym.fr\/wp-content\/uploads\/2025\/03\/485084162_1154767272585336_4316009288487779206_n-461x1024.jpg","type":"","width":"","height":""}],"twitter_card":"summary_large_image","twitter_misc":{"Dur\u00e9e de lecture estim\u00e9e":"2 minutes"},"schema":{"@context":"https:\/\/schema.org","@graph":[{"@type":"WebPage","@id":"https:\/\/www.lesxolosdegrym.fr\/accueil\/soins-aux-chiens\/","url":"https:\/\/www.lesxolosdegrym.fr\/accueil\/soins-aux-chiens\/","name":"Jeux et Activit\u00e9s - lesxolosdegrym.fr","isPartOf":{"@id":"https:\/\/www.lesxolosdegrym.fr\/accueil\/#website"},"primaryImageOfPage":{"@id":"https:\/\/www.lesxolosdegrym.fr\/accueil\/soins-aux-chiens\/#primaryimage"},"image":{"@id":"https:\/\/www.lesxolosdegrym.fr\/accueil\/soins-aux-chiens\/#primaryimage"},"thumbnailUrl":"https:\/\/lesxolosdegrym.fr\/wp-content\/uploads\/2025\/03\/485084162_1154767272585336_4316009288487779206_n-461x1024.jpg","datePublished":"2025-03-18T11:50:16+00:00","dateModified":"2025-03-24T18:29:15+00:00","breadcrumb":{"@id":"https:\/\/www.lesxolosdegrym.fr\/accueil\/soins-aux-chiens\/#breadcrumb"},"inLanguage":"fr-FR","potentialAction":[{"@type":"ReadAction","target":["https:\/\/www.lesxolosdegrym.fr\/accueil\/soins-aux-chiens\/"]}]},{"@type":"ImageObject","inLanguage":"fr-FR","@id":"https:\/\/www.lesxolosdegrym.fr\/accueil\/soins-aux-chiens\/#primaryimage","url":"https:\/\/lesxolosdegrym.fr\/wp-content\/uploads\/2025\/03\/485084162_1154767272585336_4316009288487779206_n-461x1024.jpg","contentUrl":"https:\/\/lesxolosdegrym.fr\/wp-content\/uploads\/2025\/03\/485084162_1154767272585336_4316009288487779206_n-461x1024.jpg"},{"@type":"BreadcrumbList","@id":"https:\/\/www.lesxolosdegrym.fr\/accueil\/soins-aux-chiens\/#breadcrumb","itemListElement":[{"@type":"ListItem","position":1,"name":"Accueil","item":"https:\/\/lesxolosdegrym.fr\/accueil\/"},{"@type":"ListItem","position":2,"name":"Jeux et Activit\u00e9s"}]},{"@type":"WebSite","@id":"https:\/\/www.lesxolosdegrym.fr\/accueil\/#website","url":"https:\/\/www.lesxolosdegrym.fr\/accueil\/","name":"lesxolosdegrym.fr","description":"\u00e9levage de XOLOITZCUINTLES Chien nu du Mexique","publisher":{"@id":"https:\/\/www.lesxolosdegrym.fr\/accueil\/#organization"},"potentialAction":[{"@type":"SearchAction","target":{"@type":"EntryPoint","urlTemplate":"https:\/\/www.lesxolosdegrym.fr\/accueil\/?s={search_term_string}"},"query-input":{"@type":"PropertyValueSpecification","valueRequired":true,"valueName":"search_term_string"}}],"inLanguage":"fr-FR"},{"@type":"Organization","@id":"https:\/\/www.lesxolosdegrym.fr\/accueil\/#organization","name":"lesxolosdegrym.fr","url":"https:\/\/www.lesxolosdegrym.fr\/accueil\/","logo":{"@type":"ImageObject","inLanguage":"fr-FR","@id":"https:\/\/www.lesxolosdegrym.fr\/accueil\/#\/schema\/logo\/image\/","url":"https:\/\/lesxolosdegrym.fr\/wp-content\/uploads\/2025\/03\/00-1.png","contentUrl":"https:\/\/lesxolosdegrym.fr\/wp-content\/uploads\/2025\/03\/00-1.png","width":757,"height":540,"caption":"lesxolosdegrym.fr"},"image":{"@id":"https:\/\/www.lesxolosdegrym.fr\/accueil\/#\/schema\/logo\/image\/"},"sameAs":["https:\/\/www.facebook.com\/deletoiledegrym\/?locale=fr_FR","https:\/\/www.instagram.com\/sphynx_et_xolo_de_grym\/"]}]}},"_links":{"self":[{"href":"https:\/\/lesxolosdegrym.fr\/accueil\/wp-json\/wp\/v2\/pages\/2786","targetHints":{"allow":["GET"]}}],"collection":[{"href":"https:\/\/lesxolosdegrym.fr\/accueil\/wp-json\/wp\/v2\/pages"}],"about":[{"href":"https:\/\/lesxolosdegrym.fr\/accueil\/wp-json\/wp\/v2\/types\/page"}],"author":[{"embeddable":true,"href":"https:\/\/lesxolosdegrym.fr\/accueil\/wp-json\/wp\/v2\/users\/1"}],"replies":[{"embeddable":true,"href":"https:\/\/lesxolosdegrym.fr\/accueil\/wp-json\/wp\/v2\/comments?post=2786"}],"version-history":[{"count":24,"href":"https:\/\/lesxolosdegrym.fr\/accueil\/wp-json\/wp\/v2\/pages\/2786\/revisions"}],"predecessor-version":[{"id":3211,"href":"https:\/\/lesxolosdegrym.fr\/accueil\/wp-json\/wp\/v2\/pages\/2786\/revisions\/3211"}],"wp:attachment":[{"href":"https:\/\/lesxolosdegrym.fr\/accueil\/wp-json\/wp\/v2\/media?parent=2786"}],"curies":[{"name":"wp","href":"https:\/\/api.w.org\/{rel}","templated":true}]}}