{"id":2799,"date":"2025-03-18T13:03:16","date_gmt":"2025-03-18T12:03:16","guid":{"rendered":"https:\/\/lesxolosdegrym.fr\/accueil\/?page_id=2799"},"modified":"2025-03-31T16:18:07","modified_gmt":"2025-03-31T14:18:07","slug":"conseils-pour-son-bien-etre","status":"publish","type":"page","link":"https:\/\/lesxolosdegrym.fr\/accueil\/conseils-pour-son-bien-etre\/","title":{"rendered":"SOINS  DES CHIENS NUS DU MEXIQUE"},"content":{"rendered":"\t\t<div data-elementor-type=\"wp-page\" data-elementor-id=\"2799\" class=\"elementor elementor-2799\">\n\t\t\t\t<div class=\"elementor-element elementor-element-8664df9 e-flex e-con-boxed e-con e-parent\" data-id=\"8664df9\" data-element_type=\"container\" data-e-type=\"container\" data-settings=\"{&quot;background_background&quot;:&quot;classic&quot;}\">\n\t\t\t\t\t<div class=\"e-con-inner\">\n\t\t\t\t<div class=\"elementor-element elementor-element-55992ee elementor-widget elementor-widget-heading\" data-id=\"55992ee\" data-element_type=\"widget\" data-e-type=\"widget\" data-widget_type=\"heading.default\">\n\t\t\t\t<div class=\"elementor-widget-container\">\n\t\t\t\t\t<h2 class=\"elementor-heading-title elementor-size-default\">Le standard<\/h2>\t\t\t\t<\/div>\n\t\t\t\t<\/div>\n\t\t\t\t\t<\/div>\n\t\t\t\t<\/div>\n\t\t<div class=\"elementor-element elementor-element-ec23e1b e-flex e-con-boxed e-con e-parent\" data-id=\"ec23e1b\" data-element_type=\"container\" data-e-type=\"container\">\n\t\t\t\t\t<div class=\"e-con-inner\">\n\t\t\t\t<div class=\"elementor-element elementor-element-c1ce766 elementor-widget elementor-widget-image\" data-id=\"c1ce766\" data-element_type=\"widget\" data-e-type=\"widget\" data-widget_type=\"image.default\">\n\t\t\t\t<div class=\"elementor-widget-container\">\n\t\t\t\t\t\t\t\t\t\t\t\t\t\t\t<img fetchpriority=\"high\" decoding=\"async\" width=\"768\" height=\"1024\" src=\"https:\/\/lesxolosdegrym.fr\/wp-content\/uploads\/2025\/03\/facebook_1741993802371_7306451573260568298-3-768x1024.jpg\" class=\"attachment-large size-large wp-image-3062\" alt=\"\" srcset=\"https:\/\/lesxolosdegrym.fr\/wp-content\/uploads\/2025\/03\/facebook_1741993802371_7306451573260568298-3-768x1024.jpg 768w, https:\/\/lesxolosdegrym.fr\/wp-content\/uploads\/2025\/03\/facebook_1741993802371_7306451573260568298-3-225x300.jpg 225w, https:\/\/lesxolosdegrym.fr\/wp-content\/uploads\/2025\/03\/facebook_1741993802371_7306451573260568298-3.jpg 1080w\" sizes=\"(max-width: 768px) 100vw, 768px\" \/>\t\t\t\t\t\t\t\t\t\t\t\t\t\t\t<\/div>\n\t\t\t\t<\/div>\n\t\t\t\t\t<\/div>\n\t\t\t\t<\/div>\n\t\t<div class=\"elementor-element elementor-element-745f5a7 e-flex e-con-boxed e-con e-parent\" data-id=\"745f5a7\" data-element_type=\"container\" data-e-type=\"container\">\n\t\t\t\t\t<div class=\"e-con-inner\">\n\t\t\t\t<div class=\"elementor-element elementor-element-ff6e79b elementor-widget elementor-widget-text-editor\" data-id=\"ff6e79b\" data-element_type=\"widget\" data-e-type=\"widget\" data-widget_type=\"text-editor.default\">\n\t\t\t\t<div class=\"elementor-widget-container\">\n\t\t\t\t\t\t\t\t\t<p>Les Xolos sont des chiens primitifs ; Vous pouvez en rencontrer de taille MINIATURE , MOYEN ,STANDARD.<\/p><p>Mince et \u00e9l\u00e9gant , le corps du chien mexicain est bien proportionn\u00e9\u00a0 avec de belles lignes dessin\u00e9es .<\/p><p>Son aspect g\u00e9n\u00e9ral d\u00e9gage une impression de vitesse et de force mais sans grossi\u00e8ret\u00e9.<\/p><p>On distingue 2 vari\u00e9t\u00e9s dans une m\u00eame port\u00e9e. Celle d\u00e9nu\u00e9e\u00a0 de poil (ou en poss\u00e9dant tr\u00e8s peu) et une dentition incompl\u00e8te , et celle avec une robe aux\u00a0 poils courts de plusieurs nuances de couleurs (\u00a0 sans sous poils )avec une dentition parfaite .<\/p>\t\t\t\t\t\t\t\t<\/div>\n\t\t\t\t<\/div>\n\t\t\t\t\t<\/div>\n\t\t\t\t<\/div>\n\t\t<div class=\"elementor-element elementor-element-7d23c76 e-flex e-con-boxed e-con e-parent\" data-id=\"7d23c76\" data-element_type=\"container\" data-e-type=\"container\" data-settings=\"{&quot;background_background&quot;:&quot;classic&quot;}\">\n\t\t\t\t\t<div class=\"e-con-inner\">\n\t\t\t\t<div class=\"elementor-element elementor-element-783092b elementor-widget elementor-widget-heading\" data-id=\"783092b\" data-element_type=\"widget\" data-e-type=\"widget\" data-widget_type=\"heading.default\">\n\t\t\t\t<div class=\"elementor-widget-container\">\n\t\t\t\t\t<h2 class=\"elementor-heading-title elementor-size-default\">Le caract\u00e8re<\/h2>\t\t\t\t<\/div>\n\t\t\t\t<\/div>\n\t\t\t\t\t<\/div>\n\t\t\t\t<\/div>\n\t\t<div class=\"elementor-element elementor-element-61ee24a e-flex e-con-boxed e-con e-parent\" data-id=\"61ee24a\" data-element_type=\"container\" data-e-type=\"container\">\n\t\t\t\t\t<div class=\"e-con-inner\">\n\t\t<div class=\"elementor-element elementor-element-d682e56 e-con-full e-flex e-con e-child\" data-id=\"d682e56\" data-element_type=\"container\" data-e-type=\"container\">\n\t\t\t\t<div class=\"elementor-element elementor-element-0aa48c2 elementor-widget__width-initial elementor-widget elementor-widget-image\" data-id=\"0aa48c2\" data-element_type=\"widget\" data-e-type=\"widget\" data-widget_type=\"image.default\">\n\t\t\t\t<div class=\"elementor-widget-container\">\n\t\t\t\t\t\t\t\t\t\t\t\t\t\t\t<img decoding=\"async\" width=\"745\" height=\"994\" src=\"https:\/\/lesxolosdegrym.fr\/wp-content\/uploads\/2025\/03\/1742410827972-1.jpg\" class=\"attachment-medium_large size-medium_large wp-image-3244\" alt=\"\" srcset=\"https:\/\/lesxolosdegrym.fr\/wp-content\/uploads\/2025\/03\/1742410827972-1.jpg 745w, https:\/\/lesxolosdegrym.fr\/wp-content\/uploads\/2025\/03\/1742410827972-1-225x300.jpg 225w\" sizes=\"(max-width: 745px) 100vw, 745px\" \/>\t\t\t\t\t\t\t\t\t\t\t\t\t\t\t<\/div>\n\t\t\t\t<\/div>\n\t\t\t\t<\/div>\n\t\t<div class=\"elementor-element elementor-element-c1baa0e e-con-full e-flex e-con e-child\" data-id=\"c1baa0e\" data-element_type=\"container\" data-e-type=\"container\">\n\t\t\t\t<div class=\"elementor-element elementor-element-57f659a elementor-widget elementor-widget-text-editor\" data-id=\"57f659a\" data-element_type=\"widget\" data-e-type=\"widget\" data-widget_type=\"text-editor.default\">\n\t\t\t\t<div class=\"elementor-widget-container\">\n\t\t\t\t\t\t\t\t\t<p>\u00a0<\/p><p>\u00a0Le xolo\u00a0 est tr\u00e8s joueur avec une \u00e9nergie d\u00e9bordante lors des balades mais \u00e0 contrario, sera tr\u00e8s calme en int\u00e9rieur.<\/p><p>Ils sont de nature m\u00e9fiants avec les inconnus ,mais avec une bonne sociabilisation tout au long de sa vie en fera un compagnon tr\u00e8s affectueux ., il sera le protecteur id\u00e9al de vos autres compagnons de la maison ..<\/p><p>Ici , les xolos c\u00f4toient chats ,poules , lapins tortue et poissons .. et tout ce petit monde s accepte !!!\u00a0<\/p>\t\t\t\t\t\t\t\t<\/div>\n\t\t\t\t<\/div>\n\t\t\t\t<\/div>\n\t\t\t\t\t<\/div>\n\t\t\t\t<\/div>\n\t\t<div class=\"elementor-element elementor-element-1b04a99 e-flex e-con-boxed e-con e-parent\" data-id=\"1b04a99\" data-element_type=\"container\" data-e-type=\"container\">\n\t\t\t\t\t<div class=\"e-con-inner\">\n\t\t\t\t\t<\/div>\n\t\t\t\t<\/div>\n\t\t<div class=\"elementor-element elementor-element-3ee223c e-flex e-con-boxed e-con e-parent\" data-id=\"3ee223c\" data-element_type=\"container\" data-e-type=\"container\">\n\t\t\t\t\t<div class=\"e-con-inner\">\n\t\t<div class=\"elementor-element elementor-element-56d1661 e-con-full e-flex e-con e-child\" data-id=\"56d1661\" data-element_type=\"container\" data-e-type=\"container\">\n\t\t\t\t<div class=\"elementor-element elementor-element-8363a67 elementor-widget elementor-widget-text-editor\" data-id=\"8363a67\" data-element_type=\"widget\" data-e-type=\"widget\" data-widget_type=\"text-editor.default\">\n\t\t\t\t<div class=\"elementor-widget-container\">\n\t\t\t\t\t\t\t\t\t<p>\u00a0<\/p><p>\u00a0<\/p><p>\u00a0<\/p><p>C est\u00a0 un compagnon joueur et dynamique .. Il appr\u00e9cie les balades\u00a0 , les sports canins\u00a0 en tout genre&#8230;(cani cross , cani vtt , cani trot &#8230; )<\/p><p>IL AIME LA VIE &#8230;&#8230;<\/p>\t\t\t\t\t\t\t\t<\/div>\n\t\t\t\t<\/div>\n\t\t\t\t<\/div>\n\t\t<div class=\"elementor-element elementor-element-da73bd6 e-con-full e-flex e-con e-child\" data-id=\"da73bd6\" data-element_type=\"container\" data-e-type=\"container\">\n\t\t\t\t<div class=\"elementor-element elementor-element-f0875bb elementor-widget elementor-widget-image\" data-id=\"f0875bb\" data-element_type=\"widget\" data-e-type=\"widget\" data-widget_type=\"image.default\">\n\t\t\t\t<div class=\"elementor-widget-container\">\n\t\t\t\t\t\t\t\t\t\t\t\t\t\t\t<img decoding=\"async\" width=\"750\" height=\"1000\" src=\"https:\/\/lesxolosdegrym.fr\/wp-content\/uploads\/2025\/03\/1742489042142-1.jpg\" class=\"attachment-large size-large wp-image-3243\" alt=\"\" srcset=\"https:\/\/lesxolosdegrym.fr\/wp-content\/uploads\/2025\/03\/1742489042142-1.jpg 750w, https:\/\/lesxolosdegrym.fr\/wp-content\/uploads\/2025\/03\/1742489042142-1-225x300.jpg 225w\" sizes=\"(max-width: 750px) 100vw, 750px\" \/>\t\t\t\t\t\t\t\t\t\t\t\t\t\t\t<\/div>\n\t\t\t\t<\/div>\n\t\t\t\t<\/div>\n\t\t\t\t\t<\/div>\n\t\t\t\t<\/div>\n\t\t\t\t<\/div>\n\t\t","protected":false},"excerpt":{"rendered":"<p>Le standard Les Xolos sont des chiens primitifs ; Vous pouvez en rencontrer de taille MINIATURE , MOYEN ,STANDARD. Mince et \u00e9l\u00e9gant , le corps du chien mexicain est bien proportionn\u00e9\u00a0 avec de belles lignes dessin\u00e9es . Son aspect g\u00e9n\u00e9ral d\u00e9gage une impression de vitesse et de force mais sans grossi\u00e8ret\u00e9. On distingue 2 vari\u00e9t\u00e9s [&hellip;]<\/p>\n","protected":false},"author":1,"featured_media":0,"parent":0,"menu_order":0,"comment_status":"closed","ping_status":"closed","template":"","meta":{"site-sidebar-layout":"no-sidebar","site-content-layout":"page-builder","ast-site-content-layout":"full-width-container","site-content-style":"default","site-sidebar-style":"default","ast-global-header-display":"","ast-banner-title-visibility":"","ast-main-header-display":"","ast-hfb-above-header-display":"","ast-hfb-below-header-display":"","ast-hfb-mobile-header-display":"","site-post-title":"disabled","ast-breadcrumbs-content":"","ast-featured-img":"disabled","footer-sml-layout":"","ast-disable-related-posts":"","theme-transparent-header-meta":"","adv-header-id-meta":"","stick-header-meta":"","header-above-stick-meta":"","header-main-stick-meta":"","header-below-stick-meta":"","astra-migrate-meta-layouts":"set","ast-page-background-enabled":"default","ast-page-background-meta":{"desktop":{"background-color":"var(--ast-global-color-4)","background-image":"","background-repeat":"repeat","background-position":"center center","background-size":"auto","background-attachment":"scroll","background-type":"","background-media":"","overlay-type":"","overlay-color":"","overlay-opacity":"","overlay-gradient":""},"tablet":{"background-color":"","background-image":"","background-repeat":"repeat","background-position":"center center","background-size":"auto","background-attachment":"scroll","background-type":"","background-media":"","overlay-type":"","overlay-color":"","overlay-opacity":"","overlay-gradient":""},"mobile":{"background-color":"","background-image":"","background-repeat":"repeat","background-position":"center center","background-size":"auto","background-attachment":"scroll","background-type":"","background-media":"","overlay-type":"","overlay-color":"","overlay-opacity":"","overlay-gradient":""}},"ast-content-background-meta":{"desktop":{"background-color":"var(--ast-global-color-5)","background-image":"","background-repeat":"repeat","background-position":"center center","background-size":"auto","background-attachment":"scroll","background-type":"","background-media":"","overlay-type":"","overlay-color":"","overlay-opacity":"","overlay-gradient":""},"tablet":{"background-color":"var(--ast-global-color-5)","background-image":"","background-repeat":"repeat","background-position":"center center","background-size":"auto","background-attachment":"scroll","background-type":"","background-media":"","overlay-type":"","overlay-color":"","overlay-opacity":"","overlay-gradient":""},"mobile":{"background-color":"var(--ast-global-color-5)","background-image":"","background-repeat":"repeat","background-position":"center center","background-size":"auto","background-attachment":"scroll","background-type":"","background-media":"","overlay-type":"","overlay-color":"","overlay-opacity":"","overlay-gradient":""}},"footnotes":""},"class_list":["post-2799","page","type-page","status-publish","hentry"],"yoast_head":"<!-- This site is optimized with the Yoast SEO plugin v27.5 - https:\/\/yoast.com\/product\/yoast-seo-wordpress\/ -->\n<title>SOINS DES CHIENS NUS DU MEXIQUE - lesxolosdegrym.fr<\/title>\n<meta name=\"robots\" content=\"index, follow, max-snippet:-1, max-image-preview:large, max-video-preview:-1\" \/>\n<link rel=\"canonical\" href=\"https:\/\/lesxolosdegrym.fr\/accueil\/conseils-pour-son-bien-etre\/\" \/>\n<meta property=\"og:locale\" content=\"fr_FR\" \/>\n<meta property=\"og:type\" content=\"article\" \/>\n<meta property=\"og:title\" content=\"SOINS DES CHIENS NUS DU MEXIQUE - lesxolosdegrym.fr\" \/>\n<meta property=\"og:description\" content=\"Le standard Les Xolos sont des chiens primitifs ; Vous pouvez en rencontrer de taille MINIATURE , MOYEN ,STANDARD. Mince et \u00e9l\u00e9gant , le corps du chien mexicain est bien proportionn\u00e9\u00a0 avec de belles lignes dessin\u00e9es . Son aspect g\u00e9n\u00e9ral d\u00e9gage une impression de vitesse et de force mais sans grossi\u00e8ret\u00e9. On distingue 2 vari\u00e9t\u00e9s [&hellip;]\" \/>\n<meta property=\"og:url\" content=\"https:\/\/lesxolosdegrym.fr\/accueil\/conseils-pour-son-bien-etre\/\" \/>\n<meta property=\"og:site_name\" content=\"lesxolosdegrym.fr\" \/>\n<meta property=\"article:publisher\" content=\"https:\/\/www.facebook.com\/deletoiledegrym\/?locale=fr_FR\" \/>\n<meta property=\"article:modified_time\" content=\"2025-03-31T14:18:07+00:00\" \/>\n<meta property=\"og:image\" content=\"https:\/\/lesxolosdegrym.fr\/wp-content\/uploads\/2025\/03\/facebook_1741993802371_7306451573260568298-3-768x1024.jpg\" \/>\n<meta name=\"twitter:card\" content=\"summary_large_image\" \/>\n<meta name=\"twitter:label1\" content=\"Dur\u00e9e de lecture estim\u00e9e\" \/>\n\t<meta name=\"twitter:data1\" content=\"1 minute\" \/>\n<script type=\"application\/ld+json\" class=\"yoast-schema-graph\">{\"@context\":\"https:\\\/\\\/schema.org\",\"@graph\":[{\"@type\":\"WebPage\",\"@id\":\"https:\\\/\\\/lesxolosdegrym.fr\\\/accueil\\\/conseils-pour-son-bien-etre\\\/\",\"url\":\"https:\\\/\\\/lesxolosdegrym.fr\\\/accueil\\\/conseils-pour-son-bien-etre\\\/\",\"name\":\"SOINS DES CHIENS NUS DU MEXIQUE - lesxolosdegrym.fr\",\"isPartOf\":{\"@id\":\"https:\\\/\\\/www.lesxolosdegrym.fr\\\/accueil\\\/#website\"},\"primaryImageOfPage\":{\"@id\":\"https:\\\/\\\/lesxolosdegrym.fr\\\/accueil\\\/conseils-pour-son-bien-etre\\\/#primaryimage\"},\"image\":{\"@id\":\"https:\\\/\\\/lesxolosdegrym.fr\\\/accueil\\\/conseils-pour-son-bien-etre\\\/#primaryimage\"},\"thumbnailUrl\":\"https:\\\/\\\/lesxolosdegrym.fr\\\/wp-content\\\/uploads\\\/2025\\\/03\\\/facebook_1741993802371_7306451573260568298-3-768x1024.jpg\",\"datePublished\":\"2025-03-18T12:03:16+00:00\",\"dateModified\":\"2025-03-31T14:18:07+00:00\",\"breadcrumb\":{\"@id\":\"https:\\\/\\\/lesxolosdegrym.fr\\\/accueil\\\/conseils-pour-son-bien-etre\\\/#breadcrumb\"},\"inLanguage\":\"fr-FR\",\"potentialAction\":[{\"@type\":\"ReadAction\",\"target\":[\"https:\\\/\\\/lesxolosdegrym.fr\\\/accueil\\\/conseils-pour-son-bien-etre\\\/\"]}]},{\"@type\":\"ImageObject\",\"inLanguage\":\"fr-FR\",\"@id\":\"https:\\\/\\\/lesxolosdegrym.fr\\\/accueil\\\/conseils-pour-son-bien-etre\\\/#primaryimage\",\"url\":\"https:\\\/\\\/lesxolosdegrym.fr\\\/wp-content\\\/uploads\\\/2025\\\/03\\\/facebook_1741993802371_7306451573260568298-3-768x1024.jpg\",\"contentUrl\":\"https:\\\/\\\/lesxolosdegrym.fr\\\/wp-content\\\/uploads\\\/2025\\\/03\\\/facebook_1741993802371_7306451573260568298-3-768x1024.jpg\"},{\"@type\":\"BreadcrumbList\",\"@id\":\"https:\\\/\\\/lesxolosdegrym.fr\\\/accueil\\\/conseils-pour-son-bien-etre\\\/#breadcrumb\",\"itemListElement\":[{\"@type\":\"ListItem\",\"position\":1,\"name\":\"Accueil\",\"item\":\"https:\\\/\\\/lesxolosdegrym.fr\\\/accueil\\\/\"},{\"@type\":\"ListItem\",\"position\":2,\"name\":\"SOINS DES CHIENS NUS DU MEXIQUE\"}]},{\"@type\":\"WebSite\",\"@id\":\"https:\\\/\\\/www.lesxolosdegrym.fr\\\/accueil\\\/#website\",\"url\":\"https:\\\/\\\/www.lesxolosdegrym.fr\\\/accueil\\\/\",\"name\":\"lesxolosdegrym.fr\",\"description\":\"\u00e9levage de XOLOITZCUINTLES Chien nu du Mexique\",\"publisher\":{\"@id\":\"https:\\\/\\\/www.lesxolosdegrym.fr\\\/accueil\\\/#organization\"},\"potentialAction\":[{\"@type\":\"SearchAction\",\"target\":{\"@type\":\"EntryPoint\",\"urlTemplate\":\"https:\\\/\\\/www.lesxolosdegrym.fr\\\/accueil\\\/?s={search_term_string}\"},\"query-input\":{\"@type\":\"PropertyValueSpecification\",\"valueRequired\":true,\"valueName\":\"search_term_string\"}}],\"inLanguage\":\"fr-FR\"},{\"@type\":\"Organization\",\"@id\":\"https:\\\/\\\/www.lesxolosdegrym.fr\\\/accueil\\\/#organization\",\"name\":\"lesxolosdegrym.fr\",\"url\":\"https:\\\/\\\/www.lesxolosdegrym.fr\\\/accueil\\\/\",\"logo\":{\"@type\":\"ImageObject\",\"inLanguage\":\"fr-FR\",\"@id\":\"https:\\\/\\\/www.lesxolosdegrym.fr\\\/accueil\\\/#\\\/schema\\\/logo\\\/image\\\/\",\"url\":\"https:\\\/\\\/lesxolosdegrym.fr\\\/wp-content\\\/uploads\\\/2025\\\/03\\\/00-1.png\",\"contentUrl\":\"https:\\\/\\\/lesxolosdegrym.fr\\\/wp-content\\\/uploads\\\/2025\\\/03\\\/00-1.png\",\"width\":757,\"height\":540,\"caption\":\"lesxolosdegrym.fr\"},\"image\":{\"@id\":\"https:\\\/\\\/www.lesxolosdegrym.fr\\\/accueil\\\/#\\\/schema\\\/logo\\\/image\\\/\"},\"sameAs\":[\"https:\\\/\\\/www.facebook.com\\\/deletoiledegrym\\\/?locale=fr_FR\",\"https:\\\/\\\/www.instagram.com\\\/sphynx_et_xolo_de_grym\\\/\"]}]}<\/script>\n<!-- \/ Yoast SEO plugin. -->","yoast_head_json":{"title":"SOINS DES CHIENS NUS DU MEXIQUE - lesxolosdegrym.fr","robots":{"index":"index","follow":"follow","max-snippet":"max-snippet:-1","max-image-preview":"max-image-preview:large","max-video-preview":"max-video-preview:-1"},"canonical":"https:\/\/lesxolosdegrym.fr\/accueil\/conseils-pour-son-bien-etre\/","og_locale":"fr_FR","og_type":"article","og_title":"SOINS DES CHIENS NUS DU MEXIQUE - lesxolosdegrym.fr","og_description":"Le standard Les Xolos sont des chiens primitifs ; Vous pouvez en rencontrer de taille MINIATURE , MOYEN ,STANDARD. Mince et \u00e9l\u00e9gant , le corps du chien mexicain est bien proportionn\u00e9\u00a0 avec de belles lignes dessin\u00e9es . Son aspect g\u00e9n\u00e9ral d\u00e9gage une impression de vitesse et de force mais sans grossi\u00e8ret\u00e9. On distingue 2 vari\u00e9t\u00e9s [&hellip;]","og_url":"https:\/\/lesxolosdegrym.fr\/accueil\/conseils-pour-son-bien-etre\/","og_site_name":"lesxolosdegrym.fr","article_publisher":"https:\/\/www.facebook.com\/deletoiledegrym\/?locale=fr_FR","article_modified_time":"2025-03-31T14:18:07+00:00","og_image":[{"url":"https:\/\/lesxolosdegrym.fr\/wp-content\/uploads\/2025\/03\/facebook_1741993802371_7306451573260568298-3-768x1024.jpg","type":"","width":"","height":""}],"twitter_card":"summary_large_image","twitter_misc":{"Dur\u00e9e de lecture estim\u00e9e":"1 minute"},"schema":{"@context":"https:\/\/schema.org","@graph":[{"@type":"WebPage","@id":"https:\/\/lesxolosdegrym.fr\/accueil\/conseils-pour-son-bien-etre\/","url":"https:\/\/lesxolosdegrym.fr\/accueil\/conseils-pour-son-bien-etre\/","name":"SOINS DES CHIENS NUS DU MEXIQUE - lesxolosdegrym.fr","isPartOf":{"@id":"https:\/\/www.lesxolosdegrym.fr\/accueil\/#website"},"primaryImageOfPage":{"@id":"https:\/\/lesxolosdegrym.fr\/accueil\/conseils-pour-son-bien-etre\/#primaryimage"},"image":{"@id":"https:\/\/lesxolosdegrym.fr\/accueil\/conseils-pour-son-bien-etre\/#primaryimage"},"thumbnailUrl":"https:\/\/lesxolosdegrym.fr\/wp-content\/uploads\/2025\/03\/facebook_1741993802371_7306451573260568298-3-768x1024.jpg","datePublished":"2025-03-18T12:03:16+00:00","dateModified":"2025-03-31T14:18:07+00:00","breadcrumb":{"@id":"https:\/\/lesxolosdegrym.fr\/accueil\/conseils-pour-son-bien-etre\/#breadcrumb"},"inLanguage":"fr-FR","potentialAction":[{"@type":"ReadAction","target":["https:\/\/lesxolosdegrym.fr\/accueil\/conseils-pour-son-bien-etre\/"]}]},{"@type":"ImageObject","inLanguage":"fr-FR","@id":"https:\/\/lesxolosdegrym.fr\/accueil\/conseils-pour-son-bien-etre\/#primaryimage","url":"https:\/\/lesxolosdegrym.fr\/wp-content\/uploads\/2025\/03\/facebook_1741993802371_7306451573260568298-3-768x1024.jpg","contentUrl":"https:\/\/lesxolosdegrym.fr\/wp-content\/uploads\/2025\/03\/facebook_1741993802371_7306451573260568298-3-768x1024.jpg"},{"@type":"BreadcrumbList","@id":"https:\/\/lesxolosdegrym.fr\/accueil\/conseils-pour-son-bien-etre\/#breadcrumb","itemListElement":[{"@type":"ListItem","position":1,"name":"Accueil","item":"https:\/\/lesxolosdegrym.fr\/accueil\/"},{"@type":"ListItem","position":2,"name":"SOINS DES CHIENS NUS DU MEXIQUE"}]},{"@type":"WebSite","@id":"https:\/\/www.lesxolosdegrym.fr\/accueil\/#website","url":"https:\/\/www.lesxolosdegrym.fr\/accueil\/","name":"lesxolosdegrym.fr","description":"\u00e9levage de XOLOITZCUINTLES Chien nu du Mexique","publisher":{"@id":"https:\/\/www.lesxolosdegrym.fr\/accueil\/#organization"},"potentialAction":[{"@type":"SearchAction","target":{"@type":"EntryPoint","urlTemplate":"https:\/\/www.lesxolosdegrym.fr\/accueil\/?s={search_term_string}"},"query-input":{"@type":"PropertyValueSpecification","valueRequired":true,"valueName":"search_term_string"}}],"inLanguage":"fr-FR"},{"@type":"Organization","@id":"https:\/\/www.lesxolosdegrym.fr\/accueil\/#organization","name":"lesxolosdegrym.fr","url":"https:\/\/www.lesxolosdegrym.fr\/accueil\/","logo":{"@type":"ImageObject","inLanguage":"fr-FR","@id":"https:\/\/www.lesxolosdegrym.fr\/accueil\/#\/schema\/logo\/image\/","url":"https:\/\/lesxolosdegrym.fr\/wp-content\/uploads\/2025\/03\/00-1.png","contentUrl":"https:\/\/lesxolosdegrym.fr\/wp-content\/uploads\/2025\/03\/00-1.png","width":757,"height":540,"caption":"lesxolosdegrym.fr"},"image":{"@id":"https:\/\/www.lesxolosdegrym.fr\/accueil\/#\/schema\/logo\/image\/"},"sameAs":["https:\/\/www.facebook.com\/deletoiledegrym\/?locale=fr_FR","https:\/\/www.instagram.com\/sphynx_et_xolo_de_grym\/"]}]}},"_links":{"self":[{"href":"https:\/\/lesxolosdegrym.fr\/accueil\/wp-json\/wp\/v2\/pages\/2799","targetHints":{"allow":["GET"]}}],"collection":[{"href":"https:\/\/lesxolosdegrym.fr\/accueil\/wp-json\/wp\/v2\/pages"}],"about":[{"href":"https:\/\/lesxolosdegrym.fr\/accueil\/wp-json\/wp\/v2\/types\/page"}],"author":[{"embeddable":true,"href":"https:\/\/lesxolosdegrym.fr\/accueil\/wp-json\/wp\/v2\/users\/1"}],"replies":[{"embeddable":true,"href":"https:\/\/lesxolosdegrym.fr\/accueil\/wp-json\/wp\/v2\/comments?post=2799"}],"version-history":[{"count":50,"href":"https:\/\/lesxolosdegrym.fr\/accueil\/wp-json\/wp\/v2\/pages\/2799\/revisions"}],"predecessor-version":[{"id":3406,"href":"https:\/\/lesxolosdegrym.fr\/accueil\/wp-json\/wp\/v2\/pages\/2799\/revisions\/3406"}],"wp:attachment":[{"href":"https:\/\/lesxolosdegrym.fr\/accueil\/wp-json\/wp\/v2\/media?parent=2799"}],"curies":[{"name":"wp","href":"https:\/\/api.w.org\/{rel}","templated":true}]}}